{"id":9382,"date":"2020-11-09T08:44:33","date_gmt":"2020-11-09T08:44:33","guid":{"rendered":"https:\/\/kaweco.com\/disclaimer\/"},"modified":"2020-11-09T08:44:33","modified_gmt":"2020-11-09T08:44:33","slug":"disclaimer","status":"publish","type":"page","link":"https:\/\/www.kaweco.com\/de\/disclaimer\/","title":{"rendered":"Disclaimer"},"content":{"rendered":"<p>KAWECO akzeptiert keinerlei Haftung f\u00fcr den Inhalt der von Dritten angebotenen Informationen auf dieser Website.<\/p>\n<p>Dazu geh\u00f6ren unter anderem, aber nicht ausschlie\u00dflich, Verst\u00f6\u00dfe gegen urheberrechtlich gesch\u00fctzte Werke oder anderweitige Verst\u00f6\u00dfe gegen die geistigen Eigentumsrechte Dritter. KAWECO akzeptiert keinerlei Haftung f\u00fcr unmittelbare oder mittelbare Sch\u00e4den, die durch den Inhalt der \u2013 gegebenenfalls von Dritten vorgelegten \u2013 Informationen auf der Website von KAWECO entstanden sind. KAWECO beh\u00e4lt sich somit auch das Recht vor, die von Dritten vorgelegten Informationen zu \u00e4ndern und\/oder zu entfernen, falls die von Dritten vorgelegten oder bereits eingestellten Informationen gegen das Gesetz, die Interessen sonstiger Internetbenutzer, sonstiger Dritter oder der Allgemeinen Gesch\u00e4ftsbedingungen von KAWECO versto\u00dfen.<\/p>\n<p>Nichts aus dieser Ausgabe darf ohne vorhergehende schriftliche Einwilligung des Herausgebers ver\u00f6ffentlicht oder vervielf\u00e4ltigt werden, wozu auch die Vervielf\u00e4ltigung mittels Druck, Fotokopie oder Mikrofilm oder in irgendeiner digitalen, elektronischen, optischen oder sonstigen Form oder (und dies gilt erforderlichenfalls erg\u00e4nzend zu dem Urheberrecht) die Reproduktion (i) f\u00fcr ein Unternehmen, eine Organisation oder Einrichtung oder (ii) f\u00fcr eigene \u00dcbung, Studium oder Benutzung gerechnet wird, welche nicht ausschlie\u00dflich privater Art ist.<\/p>\n","protected":false},"excerpt":{"rendered":"<p>KAWECO akzeptiert keinerlei Haftung f\u00fcr den Inhalt der von Dritten angebotenen Informationen auf dieser Website. Dazu geh\u00f6ren unter anderem, aber nicht ausschlie\u00dflich, Verst\u00f6\u00dfe gegen urheberrechtlich gesch\u00fctzte Werke oder anderweitige Verst\u00f6\u00dfe gegen die geistigen Eigentumsrechte Dritter. KAWECO akzeptiert keinerlei Haftung f\u00fcr unmittelbare oder mittelbare Sch\u00e4den, die durch den Inhalt der \u2013 gegebenenfalls von Dritten vorgelegten \u2013 [&hellip;]<\/p>\n","protected":false},"author":1,"featured_media":0,"parent":0,"menu_order":0,"comment_status":"closed","ping_status":"closed","template":"","meta":{"_acf_changed":false,"footnotes":""},"class_list":["post-9382","page","type-page","status-publish","hentry"],"acf":[],"_links":{"self":[{"href":"https:\/\/www.kaweco.com\/de\/wp-json\/wp\/v2\/pages\/9382","targetHints":{"allow":["GET"]}}],"collection":[{"href":"https:\/\/www.kaweco.com\/de\/wp-json\/wp\/v2\/pages"}],"about":[{"href":"https:\/\/www.kaweco.com\/de\/wp-json\/wp\/v2\/types\/page"}],"author":[{"embeddable":true,"href":"https:\/\/www.kaweco.com\/de\/wp-json\/wp\/v2\/users\/1"}],"replies":[{"embeddable":true,"href":"https:\/\/www.kaweco.com\/de\/wp-json\/wp\/v2\/comments?post=9382"}],"version-history":[{"count":0,"href":"https:\/\/www.kaweco.com\/de\/wp-json\/wp\/v2\/pages\/9382\/revisions"}],"wp:attachment":[{"href":"https:\/\/www.kaweco.com\/de\/wp-json\/wp\/v2\/media?parent=9382"}],"curies":[{"name":"wp","href":"https:\/\/api.w.org\/{rel}","templated":true}]}}