{"id":34754,"date":"2022-12-21T09:54:56","date_gmt":"2022-12-21T09:54:56","guid":{"rendered":"https:\/\/www.kaweco.com\/remorques-densilage\/"},"modified":"2022-12-21T09:54:56","modified_gmt":"2022-12-21T09:54:56","slug":"remorques-densilage","status":"publish","type":"page","link":"https:\/\/www.kaweco.com\/fr\/remorques-densilage\/","title":{"rendered":"Remorques d&#8217;ensilage"},"content":{"rendered":"\t\t<div data-elementor-type=\"wp-page\" data-elementor-id=\"34754\" class=\"elementor elementor-34754\">\n\t\t\t\t\t\t<div class=\"elementor-inner\">\n\t\t\t\t<div class=\"elementor-section-wrap\">\n\t\t\t\t\t\t\t\t\t<section class=\"elementor-section elementor-top-section elementor-element elementor-element-417d361 elementor-section-full_width elementor-section-height-min-height elementor-section-height-default elementor-section-items-middle\" data-id=\"417d361\" data-element_type=\"section\" data-settings=\"{&quot;jet_parallax_layout_list&quot;:[{&quot;jet_parallax_layout_image&quot;:{&quot;url&quot;:&quot;&quot;,&quot;id&quot;:&quot;&quot;,&quot;size&quot;:&quot;&quot;},&quot;_id&quot;:&quot;71c120b&quot;,&quot;jet_parallax_layout_image_tablet&quot;:{&quot;url&quot;:&quot;&quot;,&quot;id&quot;:&quot;&quot;,&quot;size&quot;:&quot;&quot;},&quot;jet_parallax_layout_image_mobile&quot;:{&quot;url&quot;:&quot;&quot;,&quot;id&quot;:&quot;&quot;,&quot;size&quot;:&quot;&quot;},&quot;jet_parallax_layout_speed&quot;:{&quot;unit&quot;:&quot;%&quot;,&quot;size&quot;:50,&quot;sizes&quot;:[]},&quot;jet_parallax_layout_type&quot;:&quot;scroll&quot;,&quot;jet_parallax_layout_direction&quot;:null,&quot;jet_parallax_layout_fx_direction&quot;:null,&quot;jet_parallax_layout_z_index&quot;:&quot;&quot;,&quot;jet_parallax_layout_bg_x&quot;:50,&quot;jet_parallax_layout_bg_x_tablet&quot;:&quot;&quot;,&quot;jet_parallax_layout_bg_x_mobile&quot;:&quot;&quot;,&quot;jet_parallax_layout_bg_y&quot;:50,&quot;jet_parallax_layout_bg_y_tablet&quot;:&quot;&quot;,&quot;jet_parallax_layout_bg_y_mobile&quot;:&quot;&quot;,&quot;jet_parallax_layout_bg_size&quot;:&quot;auto&quot;,&quot;jet_parallax_layout_bg_size_tablet&quot;:&quot;&quot;,&quot;jet_parallax_layout_bg_size_mobile&quot;:&quot;&quot;,&quot;jet_parallax_layout_animation_prop&quot;:&quot;transform&quot;,&quot;jet_parallax_layout_on&quot;:[&quot;desktop&quot;,&quot;tablet&quot;]}],&quot;background_background&quot;:&quot;slideshow&quot;,&quot;background_slideshow_gallery&quot;:[{&quot;id&quot;:5574,&quot;url&quot;:&quot;https:\\\/\\\/kaweco.com\\\/wp-content\\\/uploads\\\/2020\\\/09\\\/DJI_0577-1-scaled.jpg&quot;}],&quot;background_slideshow_loop&quot;:&quot;yes&quot;,&quot;background_slideshow_slide_duration&quot;:5000,&quot;background_slideshow_slide_transition&quot;:&quot;fade&quot;,&quot;background_slideshow_transition_duration&quot;:500}\">\n\t\t\t\t\t\t<div class=\"elementor-container elementor-column-gap-default\">\n\t\t\t\t\t\t\t<div class=\"elementor-row\">\n\t\t\t\t\t<div class=\"elementor-column elementor-col-100 elementor-top-column elementor-element elementor-element-412880e\" data-id=\"412880e\" data-element_type=\"column\">\n\t\t\t<div class=\"elementor-column-wrap\">\n\t\t\t\t\t\t\t<div class=\"elementor-widget-wrap\">\n\t\t\t\t\t\t\t\t<\/div>\n\t\t\t\t\t<\/div>\n\t\t<\/div>\n\t\t\t\t\t\t\t\t<\/div>\n\t\t\t\t\t<\/div>\n\t\t<\/section>\n\t\t\t\t<section class=\"elementor-section elementor-top-section elementor-element elementor-element-1ef6b060 elementor-section-boxed elementor-section-height-default elementor-section-height-default\" data-id=\"1ef6b060\" data-element_type=\"section\" data-settings=\"{&quot;jet_parallax_layout_list&quot;:[{&quot;jet_parallax_layout_image&quot;:{&quot;url&quot;:&quot;&quot;,&quot;id&quot;:&quot;&quot;,&quot;size&quot;:&quot;&quot;},&quot;_id&quot;:&quot;5c95692&quot;,&quot;jet_parallax_layout_image_tablet&quot;:{&quot;url&quot;:&quot;&quot;,&quot;id&quot;:&quot;&quot;,&quot;size&quot;:&quot;&quot;},&quot;jet_parallax_layout_image_mobile&quot;:{&quot;url&quot;:&quot;&quot;,&quot;id&quot;:&quot;&quot;,&quot;size&quot;:&quot;&quot;},&quot;jet_parallax_layout_speed&quot;:{&quot;unit&quot;:&quot;%&quot;,&quot;size&quot;:50,&quot;sizes&quot;:[]},&quot;jet_parallax_layout_type&quot;:&quot;scroll&quot;,&quot;jet_parallax_layout_direction&quot;:null,&quot;jet_parallax_layout_fx_direction&quot;:null,&quot;jet_parallax_layout_z_index&quot;:&quot;&quot;,&quot;jet_parallax_layout_bg_x&quot;:50,&quot;jet_parallax_layout_bg_x_tablet&quot;:&quot;&quot;,&quot;jet_parallax_layout_bg_x_mobile&quot;:&quot;&quot;,&quot;jet_parallax_layout_bg_y&quot;:50,&quot;jet_parallax_layout_bg_y_tablet&quot;:&quot;&quot;,&quot;jet_parallax_layout_bg_y_mobile&quot;:&quot;&quot;,&quot;jet_parallax_layout_bg_size&quot;:&quot;auto&quot;,&quot;jet_parallax_layout_bg_size_tablet&quot;:&quot;&quot;,&quot;jet_parallax_layout_bg_size_mobile&quot;:&quot;&quot;,&quot;jet_parallax_layout_animation_prop&quot;:&quot;transform&quot;,&quot;jet_parallax_layout_on&quot;:[&quot;desktop&quot;,&quot;tablet&quot;]}]}\">\n\t\t\t\t\t\t<div class=\"elementor-container elementor-column-gap-default\">\n\t\t\t\t\t\t\t<div class=\"elementor-row\">\n\t\t\t\t\t<div class=\"elementor-column elementor-col-100 elementor-top-column elementor-element elementor-element-6cf3cda3\" data-id=\"6cf3cda3\" data-element_type=\"column\">\n\t\t\t<div class=\"elementor-column-wrap\">\n\t\t\t\t\t\t\t<div class=\"elementor-widget-wrap\">\n\t\t\t\t\t\t\t\t<\/div>\n\t\t\t\t\t<\/div>\n\t\t<\/div>\n\t\t\t\t\t\t\t\t<\/div>\n\t\t\t\t\t<\/div>\n\t\t<\/section>\n\t\t\t\t<section class=\"elementor-section elementor-top-section elementor-element elementor-element-6125f62 elementor-section-boxed elementor-section-height-default elementor-section-height-default\" data-id=\"6125f62\" data-element_type=\"section\" data-settings=\"{&quot;jet_parallax_layout_list&quot;:[{&quot;jet_parallax_layout_image&quot;:{&quot;url&quot;:&quot;&quot;,&quot;id&quot;:&quot;&quot;,&quot;size&quot;:&quot;&quot;},&quot;_id&quot;:&quot;63d6ad7&quot;,&quot;jet_parallax_layout_image_tablet&quot;:{&quot;url&quot;:&quot;&quot;,&quot;id&quot;:&quot;&quot;,&quot;size&quot;:&quot;&quot;},&quot;jet_parallax_layout_image_mobile&quot;:{&quot;url&quot;:&quot;&quot;,&quot;id&quot;:&quot;&quot;,&quot;size&quot;:&quot;&quot;},&quot;jet_parallax_layout_speed&quot;:{&quot;unit&quot;:&quot;%&quot;,&quot;size&quot;:50,&quot;sizes&quot;:[]},&quot;jet_parallax_layout_type&quot;:&quot;scroll&quot;,&quot;jet_parallax_layout_direction&quot;:null,&quot;jet_parallax_layout_fx_direction&quot;:null,&quot;jet_parallax_layout_z_index&quot;:&quot;&quot;,&quot;jet_parallax_layout_bg_x&quot;:50,&quot;jet_parallax_layout_bg_x_tablet&quot;:&quot;&quot;,&quot;jet_parallax_layout_bg_x_mobile&quot;:&quot;&quot;,&quot;jet_parallax_layout_bg_y&quot;:50,&quot;jet_parallax_layout_bg_y_tablet&quot;:&quot;&quot;,&quot;jet_parallax_layout_bg_y_mobile&quot;:&quot;&quot;,&quot;jet_parallax_layout_bg_size&quot;:&quot;auto&quot;,&quot;jet_parallax_layout_bg_size_tablet&quot;:&quot;&quot;,&quot;jet_parallax_layout_bg_size_mobile&quot;:&quot;&quot;,&quot;jet_parallax_layout_animation_prop&quot;:&quot;transform&quot;,&quot;jet_parallax_layout_on&quot;:[&quot;desktop&quot;,&quot;tablet&quot;]}]}\">\n\t\t\t\t\t\t<div class=\"elementor-container elementor-column-gap-default\">\n\t\t\t\t\t\t\t<div class=\"elementor-row\">\n\t\t\t\t\t<div class=\"elementor-column elementor-col-100 elementor-top-column elementor-element elementor-element-338a9e6\" data-id=\"338a9e6\" data-element_type=\"column\">\n\t\t\t<div class=\"elementor-column-wrap elementor-element-populated\">\n\t\t\t\t\t\t\t<div class=\"elementor-widget-wrap\">\n\t\t\t\t\t\t<div class=\"elementor-element elementor-element-1b58409 elementor-widget elementor-widget-heading\" data-id=\"1b58409\" data-element_type=\"widget\" data-widget_type=\"heading.default\">\n\t\t\t\t<div class=\"elementor-widget-container\">\n\t\t\t<h2 class=\"elementor-heading-title elementor-size-default\">Remorque d\u2019ensilage RADIUM <\/h2>\t\t<\/div>\n\t\t\t\t<\/div>\n\t\t\t\t\t\t<\/div>\n\t\t\t\t\t<\/div>\n\t\t<\/div>\n\t\t\t\t\t\t\t\t<\/div>\n\t\t\t\t\t<\/div>\n\t\t<\/section>\n\t\t\t\t<section class=\"elementor-section elementor-top-section elementor-element elementor-element-f32c031 elementor-section-boxed elementor-section-height-default elementor-section-height-default\" data-id=\"f32c031\" data-element_type=\"section\" data-settings=\"{&quot;jet_parallax_layout_list&quot;:[{&quot;jet_parallax_layout_image&quot;:{&quot;url&quot;:&quot;&quot;,&quot;id&quot;:&quot;&quot;,&quot;size&quot;:&quot;&quot;},&quot;_id&quot;:&quot;314e155&quot;,&quot;jet_parallax_layout_image_tablet&quot;:{&quot;url&quot;:&quot;&quot;,&quot;id&quot;:&quot;&quot;,&quot;size&quot;:&quot;&quot;},&quot;jet_parallax_layout_image_mobile&quot;:{&quot;url&quot;:&quot;&quot;,&quot;id&quot;:&quot;&quot;,&quot;size&quot;:&quot;&quot;},&quot;jet_parallax_layout_speed&quot;:{&quot;unit&quot;:&quot;%&quot;,&quot;size&quot;:50,&quot;sizes&quot;:[]},&quot;jet_parallax_layout_type&quot;:&quot;scroll&quot;,&quot;jet_parallax_layout_direction&quot;:null,&quot;jet_parallax_layout_fx_direction&quot;:null,&quot;jet_parallax_layout_z_index&quot;:&quot;&quot;,&quot;jet_parallax_layout_bg_x&quot;:50,&quot;jet_parallax_layout_bg_x_tablet&quot;:&quot;&quot;,&quot;jet_parallax_layout_bg_x_mobile&quot;:&quot;&quot;,&quot;jet_parallax_layout_bg_y&quot;:50,&quot;jet_parallax_layout_bg_y_tablet&quot;:&quot;&quot;,&quot;jet_parallax_layout_bg_y_mobile&quot;:&quot;&quot;,&quot;jet_parallax_layout_bg_size&quot;:&quot;auto&quot;,&quot;jet_parallax_layout_bg_size_tablet&quot;:&quot;&quot;,&quot;jet_parallax_layout_bg_size_mobile&quot;:&quot;&quot;,&quot;jet_parallax_layout_animation_prop&quot;:&quot;transform&quot;,&quot;jet_parallax_layout_on&quot;:[&quot;desktop&quot;,&quot;tablet&quot;]}]}\">\n\t\t\t\t\t\t<div class=\"elementor-container elementor-column-gap-default\">\n\t\t\t\t\t\t\t<div class=\"elementor-row\">\n\t\t\t\t\t<div class=\"elementor-column elementor-col-100 elementor-top-column elementor-element elementor-element-5f9c353\" data-id=\"5f9c353\" data-element_type=\"column\">\n\t\t\t<div class=\"elementor-column-wrap elementor-element-populated\">\n\t\t\t\t\t\t\t<div class=\"elementor-widget-wrap\">\n\t\t\t\t\t\t<div class=\"elementor-element elementor-element-1558aef elementor-widget elementor-widget-text-editor\" data-id=\"1558aef\" data-element_type=\"widget\" data-widget_type=\"text-editor.default\">\n\t\t\t\t<div class=\"elementor-widget-container\">\n\t\t\t\t\t\t\t\t<div class=\"elementor-text-editor elementor-clearfix\">\n\t\t\t\t<p>La c\u00e9l\u00e8bre remorque d\u2019ensilage KAWECO RADIUM a \u00e9t\u00e9 repens\u00e9e en 2019. Comme auparavant, la RADIUM\u00a02 est disponible en 4\u00a0mod\u00e8les, dont trois \u00e0 deux essieux (245, 250, 255) et un \u00e0 trois essieux (260). La KAWECO RADIUM 2\u00a0offre la qualit\u00e9 qui a fait sa r\u00e9putation dans un tout nouveau design.<\/p>\n<p><strong>Vitesse de d\u00e9chargement plus \u00e9lev\u00e9e<\/strong><\/p>\n<p>De nombreuses fonctions de la RADIUM\u00a02 ont \u00e9t\u00e9 am\u00e9lior\u00e9es. La vitesse de d\u00e9chargement a \u00e9t\u00e9 consid\u00e9rablement augment\u00e9e pour atteindre 23,9\u00a0m\/min. L\u2019entra\u00eenement du tapis convoyeur a \u00e9galement \u00e9t\u00e9 adapt\u00e9, et des bo\u00eetiers d\u2019entra\u00eenement ont \u00e9t\u00e9 install\u00e9s des deux c\u00f4t\u00e9s de la nouvelle remorque RADIUM. Les roues et les cha\u00eenes de transport sont \u00e9galement plus robustes afin d\u2019assurer une charge de rupture extr\u00eamement \u00e9lev\u00e9e. Cela permet un d\u00e9chargement plus rapide sur le sol du silo, et laisse donc plus de temps pour compacter l\u2019ensilage.<\/p>\n<p><strong>Moins de r\u00e9sistance au roulement<\/strong><\/p>\n<p>Les dimensions de la RADIUM\u00a02 ont \u00e9t\u00e9 modifi\u00e9es afin que la remorque puisse facilement \u00eatre \u00e9quip\u00e9e de pneus\u00a0R30.5, tout en restant sous les 4\u00a0m\u00e8tres de hauteur totale, b\u00e2che comprise. Ainsi, la remorque a une plus faible r\u00e9sistance au roulement et avance plus facilement sur la terre ou sur le sol du silo. En outre, la pression au sol est r\u00e9duite et les d\u00e9gradations du terrain sont moindres.<\/p>\n<p><strong>Principe \u00e9prouv\u00e9<\/strong><\/p>\n<p>La m\u00e9thode de construction de la RADIUM\u00a01 se retrouve dans sa nouvelle version. Depuis plus de 25\u00a0ans, la RADIUM\u00a01 a fait ses preuves en tant que partenaire de confiance pour la r\u00e9colte du fourrage et du ma\u00efs. Une r\u00e9cole sans soucis\u00a0!<\/p>\n<p><strong>Structure conique<\/strong><\/p>\n<p>Pour rendre le d\u00e9chargement encore plus rapide, les remorques RADIUM sont dot\u00e9es d\u2019une superstructure conique. Cette m\u00e9thode de construction a fait ses preuves au cours des 25\u00a0derni\u00e8res ann\u00e9es. La superstructure int\u00e8gre des verrous Twist-Locks sur le ch\u00e2ssis. Ainsi, la force de traction du tracteur est transf\u00e9r\u00e9e aussi peu que possible \u00e0 la superstructure.<\/p>\n<p><strong>Confort de conduite optimal<\/strong><\/p>\n<p>Avec son timon \u00e9troit, la nouvelle RADIUM est un plaisir \u00e0 conduire. Sa construction am\u00e9liore grandement le confort du conducteur. La RADIUM est maniable et stable sur route et dans les champs. Le long timon est int\u00e9gr\u00e9 sous le ch\u00e2ssis et \u00e9quip\u00e9 d\u2019un amortissement plastique (ou hydraulique). Confortable sur la route, maniable dans les champs\u00a0!<\/p>\n\t\t\t\t\t<\/div>\n\t\t\t\t\t\t<\/div>\n\t\t\t\t<\/div>\n\t\t\t\t\t\t<\/div>\n\t\t\t\t\t<\/div>\n\t\t<\/div>\n\t\t\t\t\t\t\t\t<\/div>\n\t\t\t\t\t<\/div>\n\t\t<\/section>\n\t\t\t\t\t\t\t\t\t<\/div>\n\t\t\t<\/div>\n\t\t\t\t\t<\/div>\n\t\t","protected":false},"excerpt":{"rendered":"<p>Remorque d\u2019ensilage RADIUM La c\u00e9l\u00e8bre remorque d\u2019ensilage KAWECO RADIUM a \u00e9t\u00e9 repens\u00e9e en 2019. Comme auparavant, la RADIUM\u00a02 est disponible en 4\u00a0mod\u00e8les, dont trois \u00e0 deux essieux (245, 250, 255) et un \u00e0 trois essieux (260). La KAWECO RADIUM 2\u00a0offre la qualit\u00e9 qui a fait sa r\u00e9putation dans un tout nouveau design. Vitesse de d\u00e9chargement [&hellip;]<\/p>\n","protected":false},"author":1,"featured_media":31799,"parent":0,"menu_order":0,"comment_status":"closed","ping_status":"closed","template":"full-width.php","meta":{"_acf_changed":false,"footnotes":""},"class_list":["post-34754","page","type-page","status-publish","has-post-thumbnail","hentry"],"acf":[],"_links":{"self":[{"href":"https:\/\/www.kaweco.com\/fr\/wp-json\/wp\/v2\/pages\/34754","targetHints":{"allow":["GET"]}}],"collection":[{"href":"https:\/\/www.kaweco.com\/fr\/wp-json\/wp\/v2\/pages"}],"about":[{"href":"https:\/\/www.kaweco.com\/fr\/wp-json\/wp\/v2\/types\/page"}],"author":[{"embeddable":true,"href":"https:\/\/www.kaweco.com\/fr\/wp-json\/wp\/v2\/users\/1"}],"replies":[{"embeddable":true,"href":"https:\/\/www.kaweco.com\/fr\/wp-json\/wp\/v2\/comments?post=34754"}],"version-history":[{"count":1,"href":"https:\/\/www.kaweco.com\/fr\/wp-json\/wp\/v2\/pages\/34754\/revisions"}],"predecessor-version":[{"id":34755,"href":"https:\/\/www.kaweco.com\/fr\/wp-json\/wp\/v2\/pages\/34754\/revisions\/34755"}],"wp:featuredmedia":[{"embeddable":true,"href":"https:\/\/www.kaweco.com\/fr\/wp-json\/wp\/v2\/media\/31799"}],"wp:attachment":[{"href":"https:\/\/www.kaweco.com\/fr\/wp-json\/wp\/v2\/media?parent=34754"}],"curies":[{"name":"wp","href":"https:\/\/api.w.org\/{rel}","templated":true}]}}