{"id":34829,"date":"2023-01-02T12:48:55","date_gmt":"2023-01-02T12:48:55","guid":{"rendered":"https:\/\/www.kaweco.com\/avis-de-non-responsabilite\/"},"modified":"2023-01-02T12:48:55","modified_gmt":"2023-01-02T12:48:55","slug":"avis-de-non-responsabilite","status":"publish","type":"page","link":"https:\/\/www.kaweco.com\/fr\/avis-de-non-responsabilite\/","title":{"rendered":"Avis de non-responsabilit\u00e9"},"content":{"rendered":"<p>KAWECO d\u00e9cline toute responsabilit\u00e9 quant au contenu des informations fournies par des tiers sur ce site.<\/p>\n<p>Cela inclut, sans s&#8217;y limiter, la violation des droits d&#8217;auteur ou d&#8217;autres droits de propri\u00e9t\u00e9 intellectuelle de tiers. KAWECO d\u00e9cline toute responsabilit\u00e9 pour tout dommage direct ou indirect r\u00e9sultant du contenu des informations du site Internet de KAWECO, qu&#8217;elles soient ou non fournies par des tiers. KAWECO se r\u00e9serve donc le droit de modifier et\/ou de supprimer toute information propos\u00e9e par des tiers si l&#8217;information propos\u00e9e ou d\u00e9j\u00e0 plac\u00e9e par des tiers est contraire \u00e0 la loi, aux int\u00e9r\u00eats des autres internautes, des autres tiers ou aux Conditions g\u00e9n\u00e9rales de KAWECO.<\/p>\n<p>Aucune partie de cette publication ne peut \u00eatre publi\u00e9e ou reproduite sous quelque forme que ce soit sans le consentement \u00e9crit pr\u00e9alable de l&#8217;\u00e9diteur, y compris la reproduction par impression, offset, photocopie ou microfilm, ou sous toute forme num\u00e9rique, \u00e9lectronique, optique ou autre, ou (et ceci s&#8217;applique, si n\u00e9cessaire, en plus des droits d&#8217;auteur) la reproduction (i) au profit d&#8217;une soci\u00e9t\u00e9, d&#8217;une organisation ou d&#8217;une institution ou (ii) pour une pratique, une \u00e9tude ou un usage personnel qui ne soit pas de nature strictement priv\u00e9e.<\/p>\n","protected":false},"excerpt":{"rendered":"<p>KAWECO d\u00e9cline toute responsabilit\u00e9 quant au contenu des informations fournies par des tiers sur ce site. Cela inclut, sans s&#8217;y limiter, la violation des droits d&#8217;auteur ou d&#8217;autres droits de propri\u00e9t\u00e9 intellectuelle de tiers. KAWECO d\u00e9cline toute responsabilit\u00e9 pour tout dommage direct ou indirect r\u00e9sultant du contenu des informations du site Internet de KAWECO, qu&#8217;elles [&hellip;]<\/p>\n","protected":false},"author":1,"featured_media":0,"parent":0,"menu_order":0,"comment_status":"closed","ping_status":"closed","template":"","meta":{"_acf_changed":false,"footnotes":""},"class_list":["post-34829","page","type-page","status-publish","hentry"],"acf":[],"_links":{"self":[{"href":"https:\/\/www.kaweco.com\/fr\/wp-json\/wp\/v2\/pages\/34829","targetHints":{"allow":["GET"]}}],"collection":[{"href":"https:\/\/www.kaweco.com\/fr\/wp-json\/wp\/v2\/pages"}],"about":[{"href":"https:\/\/www.kaweco.com\/fr\/wp-json\/wp\/v2\/types\/page"}],"author":[{"embeddable":true,"href":"https:\/\/www.kaweco.com\/fr\/wp-json\/wp\/v2\/users\/1"}],"replies":[{"embeddable":true,"href":"https:\/\/www.kaweco.com\/fr\/wp-json\/wp\/v2\/comments?post=34829"}],"version-history":[{"count":0,"href":"https:\/\/www.kaweco.com\/fr\/wp-json\/wp\/v2\/pages\/34829\/revisions"}],"wp:attachment":[{"href":"https:\/\/www.kaweco.com\/fr\/wp-json\/wp\/v2\/media?parent=34829"}],"curies":[{"name":"wp","href":"https:\/\/api.w.org\/{rel}","templated":true}]}}