{"id":34844,"date":"2023-01-02T13:11:11","date_gmt":"2023-01-02T13:11:11","guid":{"rendered":"https:\/\/www.kaweco.com\/conditions\/"},"modified":"2023-01-02T13:11:11","modified_gmt":"2023-01-02T13:11:11","slug":"conditions","status":"publish","type":"page","link":"https:\/\/www.kaweco.com\/fr\/conditions\/","title":{"rendered":"Conditions"},"content":{"rendered":"<p>Reesink Production B.V. applique les CONDITIONS DE METAALUNIE.<br \/>\nPour t\u00e9l\u00e9charger les termes et conditions, veuillez cliquer sur le lien suivant : <a href=\"https:\/\/www.reesinkproduction.nl\/uploads\/Metaalunievoorwaarden_2019_Nederlands.pdf\">CONDITIONS G\u00c9N\u00c9RALES DE L&#8217;UNION DES M\u00c9TAUX 2019<\/a><\/p>\n","protected":false},"excerpt":{"rendered":"<p>Reesink Production B.V. applique les CONDITIONS DE METAALUNIE. Pour t\u00e9l\u00e9charger les termes et conditions, veuillez cliquer sur le lien suivant : CONDITIONS G\u00c9N\u00c9RALES DE L&#8217;UNION DES M\u00c9TAUX 2019<\/p>\n","protected":false},"author":1,"featured_media":0,"parent":0,"menu_order":0,"comment_status":"closed","ping_status":"closed","template":"","meta":{"_acf_changed":false,"footnotes":""},"class_list":["post-34844","page","type-page","status-publish","hentry"],"acf":[],"_links":{"self":[{"href":"https:\/\/www.kaweco.com\/fr\/wp-json\/wp\/v2\/pages\/34844","targetHints":{"allow":["GET"]}}],"collection":[{"href":"https:\/\/www.kaweco.com\/fr\/wp-json\/wp\/v2\/pages"}],"about":[{"href":"https:\/\/www.kaweco.com\/fr\/wp-json\/wp\/v2\/types\/page"}],"author":[{"embeddable":true,"href":"https:\/\/www.kaweco.com\/fr\/wp-json\/wp\/v2\/users\/1"}],"replies":[{"embeddable":true,"href":"https:\/\/www.kaweco.com\/fr\/wp-json\/wp\/v2\/comments?post=34844"}],"version-history":[{"count":0,"href":"https:\/\/www.kaweco.com\/fr\/wp-json\/wp\/v2\/pages\/34844\/revisions"}],"wp:attachment":[{"href":"https:\/\/www.kaweco.com\/fr\/wp-json\/wp\/v2\/media?parent=34844"}],"curies":[{"name":"wp","href":"https:\/\/api.w.org\/{rel}","templated":true}]}}