{"id":25647,"date":"2022-05-11T11:47:11","date_gmt":"2022-05-11T11:47:11","guid":{"rendered":"https:\/\/www.kaweco.com\/o-nas\/"},"modified":"2023-04-24T08:19:13","modified_gmt":"2023-04-24T08:19:13","slug":"o-nas","status":"publish","type":"page","link":"https:\/\/www.kaweco.com\/pl\/o-nas\/","title":{"rendered":"O nas"},"content":{"rendered":"\t\t<div data-elementor-type=\"wp-page\" data-elementor-id=\"25647\" class=\"elementor elementor-25647 elementor-306\">\n\t\t\t\t\t\t<div class=\"elementor-inner\">\n\t\t\t\t<div class=\"elementor-section-wrap\">\n\t\t\t\t\t\t\t\t\t<section class=\"elementor-section elementor-top-section elementor-element elementor-element-25fd01a0 elementor-section-stretched elementor-section-full_width elementor-section-height-min-height elementor-hidden-phone elementor-section-height-default elementor-section-items-middle\" data-id=\"25fd01a0\" data-element_type=\"section\" data-settings=\"{&quot;stretch_section&quot;:&quot;section-stretched&quot;,&quot;jet_parallax_layout_list&quot;:[{&quot;jet_parallax_layout_image&quot;:{&quot;url&quot;:&quot;&quot;,&quot;id&quot;:&quot;&quot;,&quot;size&quot;:&quot;&quot;},&quot;_id&quot;:&quot;515520f&quot;,&quot;jet_parallax_layout_image_tablet&quot;:{&quot;url&quot;:&quot;&quot;,&quot;id&quot;:&quot;&quot;,&quot;size&quot;:&quot;&quot;},&quot;jet_parallax_layout_image_mobile&quot;:{&quot;url&quot;:&quot;&quot;,&quot;id&quot;:&quot;&quot;,&quot;size&quot;:&quot;&quot;},&quot;jet_parallax_layout_speed&quot;:{&quot;unit&quot;:&quot;%&quot;,&quot;size&quot;:50,&quot;sizes&quot;:[]},&quot;jet_parallax_layout_type&quot;:&quot;scroll&quot;,&quot;jet_parallax_layout_direction&quot;:null,&quot;jet_parallax_layout_fx_direction&quot;:null,&quot;jet_parallax_layout_z_index&quot;:&quot;&quot;,&quot;jet_parallax_layout_bg_x&quot;:50,&quot;jet_parallax_layout_bg_x_tablet&quot;:&quot;&quot;,&quot;jet_parallax_layout_bg_x_mobile&quot;:&quot;&quot;,&quot;jet_parallax_layout_bg_y&quot;:50,&quot;jet_parallax_layout_bg_y_tablet&quot;:&quot;&quot;,&quot;jet_parallax_layout_bg_y_mobile&quot;:&quot;&quot;,&quot;jet_parallax_layout_bg_size&quot;:&quot;auto&quot;,&quot;jet_parallax_layout_bg_size_tablet&quot;:&quot;&quot;,&quot;jet_parallax_layout_bg_size_mobile&quot;:&quot;&quot;,&quot;jet_parallax_layout_animation_prop&quot;:&quot;transform&quot;,&quot;jet_parallax_layout_on&quot;:[&quot;desktop&quot;,&quot;tablet&quot;]}],&quot;background_background&quot;:&quot;classic&quot;}\">\n\t\t\t\t\t\t<div class=\"elementor-container elementor-column-gap-default\">\n\t\t\t\t\t\t\t<div class=\"elementor-row\">\n\t\t\t\t\t<div class=\"elementor-column elementor-col-100 elementor-top-column elementor-element elementor-element-57008e3\" data-id=\"57008e3\" data-element_type=\"column\">\n\t\t\t<div class=\"elementor-column-wrap\">\n\t\t\t\t\t\t\t<div class=\"elementor-widget-wrap\">\n\t\t\t\t\t\t\t\t<\/div>\n\t\t\t\t\t<\/div>\n\t\t<\/div>\n\t\t\t\t\t\t\t\t<\/div>\n\t\t\t\t\t<\/div>\n\t\t<\/section>\n\t\t\t\t<section class=\"elementor-section elementor-top-section elementor-element elementor-element-0c1c504 elementor-section-boxed elementor-section-height-default elementor-section-height-default\" data-id=\"0c1c504\" data-element_type=\"section\" data-settings=\"{&quot;jet_parallax_layout_list&quot;:[{&quot;jet_parallax_layout_image&quot;:{&quot;url&quot;:&quot;&quot;,&quot;id&quot;:&quot;&quot;,&quot;size&quot;:&quot;&quot;},&quot;_id&quot;:&quot;58b8316&quot;,&quot;jet_parallax_layout_image_tablet&quot;:{&quot;url&quot;:&quot;&quot;,&quot;id&quot;:&quot;&quot;,&quot;size&quot;:&quot;&quot;},&quot;jet_parallax_layout_image_mobile&quot;:{&quot;url&quot;:&quot;&quot;,&quot;id&quot;:&quot;&quot;,&quot;size&quot;:&quot;&quot;},&quot;jet_parallax_layout_speed&quot;:{&quot;unit&quot;:&quot;%&quot;,&quot;size&quot;:50,&quot;sizes&quot;:[]},&quot;jet_parallax_layout_type&quot;:&quot;scroll&quot;,&quot;jet_parallax_layout_direction&quot;:null,&quot;jet_parallax_layout_fx_direction&quot;:null,&quot;jet_parallax_layout_z_index&quot;:&quot;&quot;,&quot;jet_parallax_layout_bg_x&quot;:50,&quot;jet_parallax_layout_bg_x_tablet&quot;:&quot;&quot;,&quot;jet_parallax_layout_bg_x_mobile&quot;:&quot;&quot;,&quot;jet_parallax_layout_bg_y&quot;:50,&quot;jet_parallax_layout_bg_y_tablet&quot;:&quot;&quot;,&quot;jet_parallax_layout_bg_y_mobile&quot;:&quot;&quot;,&quot;jet_parallax_layout_bg_size&quot;:&quot;auto&quot;,&quot;jet_parallax_layout_bg_size_tablet&quot;:&quot;&quot;,&quot;jet_parallax_layout_bg_size_mobile&quot;:&quot;&quot;,&quot;jet_parallax_layout_animation_prop&quot;:&quot;transform&quot;,&quot;jet_parallax_layout_on&quot;:[&quot;desktop&quot;,&quot;tablet&quot;]}]}\">\n\t\t\t\t\t\t<div class=\"elementor-container elementor-column-gap-default\">\n\t\t\t\t\t\t\t<div class=\"elementor-row\">\n\t\t\t\t\t<div class=\"elementor-column elementor-col-100 elementor-top-column elementor-element elementor-element-2ae496f\" data-id=\"2ae496f\" data-element_type=\"column\">\n\t\t\t<div class=\"elementor-column-wrap elementor-element-populated\">\n\t\t\t\t\t\t\t<div class=\"elementor-widget-wrap\">\n\t\t\t\t\t\t<div class=\"elementor-element elementor-element-7d3c161 elementor-widget elementor-widget-spacer\" data-id=\"7d3c161\" data-element_type=\"widget\" data-widget_type=\"spacer.default\">\n\t\t\t\t<div class=\"elementor-widget-container\">\n\t\t\t\t\t<div class=\"elementor-spacer\">\n\t\t\t<div class=\"elementor-spacer-inner\"><\/div>\n\t\t<\/div>\n\t\t\t\t<\/div>\n\t\t\t\t<\/div>\n\t\t\t\t\t\t<\/div>\n\t\t\t\t\t<\/div>\n\t\t<\/div>\n\t\t\t\t\t\t\t\t<\/div>\n\t\t\t\t\t<\/div>\n\t\t<\/section>\n\t\t\t\t<section class=\"elementor-section elementor-top-section elementor-element elementor-element-82d611d elementor-section-boxed elementor-section-height-default elementor-section-height-default\" data-id=\"82d611d\" data-element_type=\"section\" data-settings=\"{&quot;jet_parallax_layout_list&quot;:[{&quot;jet_parallax_layout_image&quot;:{&quot;url&quot;:&quot;&quot;,&quot;id&quot;:&quot;&quot;,&quot;size&quot;:&quot;&quot;},&quot;_id&quot;:&quot;0ff7a65&quot;,&quot;jet_parallax_layout_image_tablet&quot;:{&quot;url&quot;:&quot;&quot;,&quot;id&quot;:&quot;&quot;,&quot;size&quot;:&quot;&quot;},&quot;jet_parallax_layout_image_mobile&quot;:{&quot;url&quot;:&quot;&quot;,&quot;id&quot;:&quot;&quot;,&quot;size&quot;:&quot;&quot;},&quot;jet_parallax_layout_speed&quot;:{&quot;unit&quot;:&quot;%&quot;,&quot;size&quot;:50,&quot;sizes&quot;:[]},&quot;jet_parallax_layout_type&quot;:&quot;scroll&quot;,&quot;jet_parallax_layout_direction&quot;:null,&quot;jet_parallax_layout_fx_direction&quot;:null,&quot;jet_parallax_layout_z_index&quot;:&quot;&quot;,&quot;jet_parallax_layout_bg_x&quot;:50,&quot;jet_parallax_layout_bg_x_tablet&quot;:&quot;&quot;,&quot;jet_parallax_layout_bg_x_mobile&quot;:&quot;&quot;,&quot;jet_parallax_layout_bg_y&quot;:50,&quot;jet_parallax_layout_bg_y_tablet&quot;:&quot;&quot;,&quot;jet_parallax_layout_bg_y_mobile&quot;:&quot;&quot;,&quot;jet_parallax_layout_bg_size&quot;:&quot;auto&quot;,&quot;jet_parallax_layout_bg_size_tablet&quot;:&quot;&quot;,&quot;jet_parallax_layout_bg_size_mobile&quot;:&quot;&quot;,&quot;jet_parallax_layout_animation_prop&quot;:&quot;transform&quot;,&quot;jet_parallax_layout_on&quot;:[&quot;desktop&quot;,&quot;tablet&quot;]}]}\">\n\t\t\t\t\t\t<div class=\"elementor-container elementor-column-gap-default\">\n\t\t\t\t\t\t\t<div class=\"elementor-row\">\n\t\t\t\t\t<div class=\"elementor-column elementor-col-100 elementor-top-column elementor-element elementor-element-8c3f940\" data-id=\"8c3f940\" data-element_type=\"column\">\n\t\t\t<div class=\"elementor-column-wrap elementor-element-populated\">\n\t\t\t\t\t\t\t<div class=\"elementor-widget-wrap\">\n\t\t\t\t\t\t<div class=\"elementor-element elementor-element-c67da68 elementor-widget elementor-widget-text-editor\" data-id=\"c67da68\" data-element_type=\"widget\" data-widget_type=\"text-editor.default\">\n\t\t\t\t<div class=\"elementor-widget-container\">\n\t\t\t\t\t\t\t\t<div class=\"elementor-text-editor elementor-clearfix\">\n\t\t\t\t<p>Gleba jest najcenniejszym \u015brodkiem produkcji. Dbanie o \u017cyzn\u0105 gleb\u0119 o zdrowej strukturze i \u017cywotno\u015bci gleby jest podstaw\u0105 plonu i jako\u015bci. W KAWECO piel\u0119gnujemy gleb\u0119, w interesie rolnik\u00f3w dzi\u015b i jutro.<\/p>\n<p>Ka\u017cda maszyna, kt\u00f3ra trafia na pole, powoduje obci\u0105\u017cenie gleby. Dlatego wykonawcy i rolnicy wybieraj\u0105 profesjonalne maszyny, z jak najmniejszym wp\u0142ywem. Je\u015bli to mo\u017cliwe, pracuj\u0105 z maszynami o op\u0142acalnej konstrukcji, kt\u00f3re wymagaj\u0105 jak najmniejszej przyczepno\u015bci i s\u0105 w stanie pracowa\u0107 z oponami, kt\u00f3re maj\u0105 mniejszy wp\u0142yw na gleb\u0119.<\/p>\n<p>W KAWECO od 50 lat budujemy maszyny, kt\u00f3re udowadniaj\u0105 swoj\u0105 warto\u015b\u0107 w terenie. Produkujemy wozy asenizacyjne, aplikatory i przyczepy obj\u0119to\u015bciowe, kt\u00f3re wnosz\u0105 warto\u015b\u0107 do pola ze wzgl\u0119du na ich wyj\u0105tkow\u0105 technik\u0119. Niezawodny i wydajny, aby m\u00f3c wykona\u0107 w\u0142a\u015bciwy ruch we w\u0142a\u015bciwym momencie. Zgodnie z nasz\u0105 filozofi\u0105 ka\u017cda maszyna musi s\u0142u\u017cy\u0107 korzy\u015bciom pola podczas u\u017cytkowania. Dlatego KAWECO przynosi Ci wi\u0119ksz\u0105 warto\u015b\u0107. Dla gleby, dla upraw i dla przedsi\u0119biorcy dzi\u015b i przysz\u0142ych pokole\u0144.<\/p>\n<p>Maszyny KAWECO s\u0105 opracowywane w \u015bcis\u0142ej wsp\u00f3\u0142pracy z naszymi klientami i budowane zgodnie z najwy\u017cszym standardem jako\u015bci w naszym zak\u0142adzie produkcyjnym w Hengelo (GLD). Sprzeda\u017c\u0105 maszyn KAWECO zajmuje si\u0119 sie\u0107 wyspecjalizowanych dealer\u00f3w w Holandii jak i za granic\u0105. Dealerzy ci zapewniaj\u0105 potrzebn\u0105 obs\u0142ug\u0119 i dbaj\u0105 o dostaw\u0119 cz\u0119\u015bci, aby u\u017cytkownik naszych produkt\u00f3w m\u00f3g\u0142 liczy\u0107 na swoj\u0105 maszyn\u0119 KAWECO rok po roku<\/p>\n\t\t\t\t\t<\/div>\n\t\t\t\t\t\t<\/div>\n\t\t\t\t<\/div>\n\t\t\t\t\t\t<\/div>\n\t\t\t\t\t<\/div>\n\t\t<\/div>\n\t\t\t\t\t\t\t\t<\/div>\n\t\t\t\t\t<\/div>\n\t\t<\/section>\n\t\t\t\t\t\t\t\t\t<\/div>\n\t\t\t<\/div>\n\t\t\t\t\t<\/div>\n\t\t","protected":false},"excerpt":{"rendered":"<p>Gleba jest najcenniejszym \u015brodkiem produkcji. Dbanie o \u017cyzn\u0105 gleb\u0119 o zdrowej strukturze i \u017cywotno\u015bci gleby jest podstaw\u0105 plonu i jako\u015bci. W KAWECO piel\u0119gnujemy gleb\u0119, w interesie rolnik\u00f3w dzi\u015b i jutro. Ka\u017cda maszyna, kt\u00f3ra trafia na pole, powoduje obci\u0105\u017cenie gleby. Dlatego wykonawcy i rolnicy wybieraj\u0105 profesjonalne maszyny, z jak najmniejszym wp\u0142ywem. Je\u015bli to mo\u017cliwe, pracuj\u0105 z [&hellip;]<\/p>\n","protected":false},"author":1,"featured_media":0,"parent":0,"menu_order":0,"comment_status":"closed","ping_status":"closed","template":"","meta":{"_acf_changed":false,"footnotes":""},"class_list":["post-25647","page","type-page","status-publish","hentry"],"acf":[],"_links":{"self":[{"href":"https:\/\/www.kaweco.com\/pl\/wp-json\/wp\/v2\/pages\/25647","targetHints":{"allow":["GET"]}}],"collection":[{"href":"https:\/\/www.kaweco.com\/pl\/wp-json\/wp\/v2\/pages"}],"about":[{"href":"https:\/\/www.kaweco.com\/pl\/wp-json\/wp\/v2\/types\/page"}],"author":[{"embeddable":true,"href":"https:\/\/www.kaweco.com\/pl\/wp-json\/wp\/v2\/users\/1"}],"replies":[{"embeddable":true,"href":"https:\/\/www.kaweco.com\/pl\/wp-json\/wp\/v2\/comments?post=25647"}],"version-history":[{"count":2,"href":"https:\/\/www.kaweco.com\/pl\/wp-json\/wp\/v2\/pages\/25647\/revisions"}],"predecessor-version":[{"id":36434,"href":"https:\/\/www.kaweco.com\/pl\/wp-json\/wp\/v2\/pages\/25647\/revisions\/36434"}],"wp:attachment":[{"href":"https:\/\/www.kaweco.com\/pl\/wp-json\/wp\/v2\/media?parent=25647"}],"curies":[{"name":"wp","href":"https:\/\/api.w.org\/{rel}","templated":true}]}}