{"id":29568,"date":"2022-10-17T08:45:14","date_gmt":"2022-10-17T08:45:14","guid":{"rendered":"https:\/\/www.kaweco.com\/oswiadczenie\/"},"modified":"2022-10-17T08:45:14","modified_gmt":"2022-10-17T08:45:14","slug":"oswiadczenie","status":"publish","type":"page","link":"https:\/\/www.kaweco.com\/pl\/oswiadczenie\/","title":{"rendered":"O\u015bwiadczenie"},"content":{"rendered":"<p>KAWECO nie ponosi \u017cadnej odpowiedzialno\u015bci za tre\u015b\u0107 informacji udost\u0119pnianych na tej stronie przez osoby trzecie.<\/p>\n<p>Obejmuje to mi\u0119dzy innymi naruszenie praw autorskich lub innych praw w\u0142asno\u015bci intelektualnej os\u00f3b trzecich. KAWECO nie ponosi \u017cadnej odpowiedzialno\u015bci za jakiekolwiek bezpo\u015brednie lub po\u015brednie szkody wynikaj\u0105ce z tre\u015bci informacji zawartych na stronie internetowej KAWECO, niezale\u017cnie od tego, czy zosta\u0142y one dostarczone przez osoby trzecie, czy te\u017c nie. KAWECO zastrzega sobie zatem prawo do zmiany i\/lub usuni\u0119cia wszelkich informacji oferowanych przez osoby trzecie, je\u017celi informacje oferowane lub ju\u017c umieszczone przez osoby trzecie s\u0105 sprzeczne z prawem, interesami innych u\u017cytkownik\u00f3w Internetu, innych os\u00f3b trzecich lub Regulaminem KAWECO.<\/p>\n<p>\u017badna cz\u0119\u015b\u0107 tej publikacji nie mo\u017ce by\u0107 publikowana ani powielana w jakiejkolwiek formie bez uprzedniej pisemnej zgody wydawcy, w\u0142\u0105czaj\u0105c w to powielanie za pomoc\u0105 druku, offsetu, fotokopii lub mikrofilmu lub w jakiejkolwiek formie cyfrowej, elektronicznej, optycznej lub innej lub (i dotyczy to, je\u015bli to konieczne, opr\u00f3cz praw autorskich) powielanie (i) na rzecz przedsi\u0119biorstwa, organizacji lub instytucji lub (ii) dla osobistej praktyki, studi\u00f3w lub u\u017cytku, kt\u00f3ry nie ma \u015bci\u015ble prywatnego charakteru.<\/p>\n","protected":false},"excerpt":{"rendered":"<p>KAWECO nie ponosi \u017cadnej odpowiedzialno\u015bci za tre\u015b\u0107 informacji udost\u0119pnianych na tej stronie przez osoby trzecie. Obejmuje to mi\u0119dzy innymi naruszenie praw autorskich lub innych praw w\u0142asno\u015bci intelektualnej os\u00f3b trzecich. KAWECO nie ponosi \u017cadnej odpowiedzialno\u015bci za jakiekolwiek bezpo\u015brednie lub po\u015brednie szkody wynikaj\u0105ce z tre\u015bci informacji zawartych na stronie internetowej KAWECO, niezale\u017cnie od tego, czy zosta\u0142y one [&hellip;]<\/p>\n","protected":false},"author":1,"featured_media":0,"parent":0,"menu_order":0,"comment_status":"closed","ping_status":"closed","template":"","meta":{"_acf_changed":false,"footnotes":""},"class_list":["post-29568","page","type-page","status-publish","hentry"],"acf":[],"_links":{"self":[{"href":"https:\/\/www.kaweco.com\/pl\/wp-json\/wp\/v2\/pages\/29568","targetHints":{"allow":["GET"]}}],"collection":[{"href":"https:\/\/www.kaweco.com\/pl\/wp-json\/wp\/v2\/pages"}],"about":[{"href":"https:\/\/www.kaweco.com\/pl\/wp-json\/wp\/v2\/types\/page"}],"author":[{"embeddable":true,"href":"https:\/\/www.kaweco.com\/pl\/wp-json\/wp\/v2\/users\/1"}],"replies":[{"embeddable":true,"href":"https:\/\/www.kaweco.com\/pl\/wp-json\/wp\/v2\/comments?post=29568"}],"version-history":[{"count":0,"href":"https:\/\/www.kaweco.com\/pl\/wp-json\/wp\/v2\/pages\/29568\/revisions"}],"wp:attachment":[{"href":"https:\/\/www.kaweco.com\/pl\/wp-json\/wp\/v2\/media?parent=29568"}],"curies":[{"name":"wp","href":"https:\/\/api.w.org\/{rel}","templated":true}]}}