{"id":29620,"date":"2022-10-17T10:10:13","date_gmt":"2022-10-17T10:10:13","guid":{"rendered":"https:\/\/www.kaweco.com\/polityka-zwrotu-i-refundacji\/"},"modified":"2022-10-17T10:10:13","modified_gmt":"2022-10-17T10:10:13","slug":"polityka-zwrotu-i-refundacji","status":"publish","type":"page","link":"https:\/\/www.kaweco.com\/pl\/polityka-zwrotu-i-refundacji\/","title":{"rendered":"Polityka zwrotu i refundacji"},"content":{"rendered":"\n<p>To jest przyk\u0142adowa strona.<\/p>\n\n<h3>Overview<\/h3>\n\n<p>Nasza polityka refundacji i zwrot\u00f3w trwa 30 dni. Je\u015bli od zakupu min\u0119\u0142o 30 dni, nie mo\u017cemy zaoferowa\u0107 Ci pe\u0142nego zwrotu lub wymiany.<\/p>\n\n<p>Aby kwalifikowa\u0107 si\u0119 do zwrotu, przedmiot musi by\u0107 nieu\u017cywany i w takim samym stanie, w jakim go otrzyma\u0142e\u015b. Musi by\u0107 r\u00f3wnie\u017c w oryginalnym opakowaniu.<\/p>\n\n<p>Kilka rodzaj\u00f3w towar\u00f3w jest zwolnionych z obowi\u0105zku zwrotu. Towary \u0142atwo psuj\u0105ce si\u0119, takie jak \u017cywno\u015b\u0107, kwiaty, gazety lub czasopisma nie mog\u0105 by\u0107 zwr\u00f3cone. Nie przyjmujemy r\u00f3wnie\u017c produkt\u00f3w, kt\u00f3re s\u0105 artyku\u0142ami intymnymi lub sanitarnymi, materia\u0142\u00f3w niebezpiecznych lub \u0142atwopalnych p\u0142yn\u00f3w lub gaz\u00f3w.<\/p>\n\n<p>Dodatkowe przedmioty nie podlegaj\u0105ce zwrotowi:<\/p>\n\n<ul class=\"wp-block-list\"><li>Karty podarunkowe<\/li>\n<li>Oprogramowanie do pobrania<\/li>\n<li>Niekt\u00f3re artyku\u0142y ochrony zdrowia i higieny osobistej<\/li>\n<\/ul>\n<p>Aby zrealizowa\u0107 zwrot, wymagamy paragonu lub dowodu zakupu.<\/p>\n\n<p>Prosimy nie odsy\u0142a\u0107 zakupionego towaru do producenta.<\/p>\n\n<p>There are certain situations where only partial refunds are granted:<\/p>\n\n<ul class=\"wp-block-list\"><li>Ksi\u0105\u017cka z widocznymi \u015bladami u\u017cytkowania<\/li>\n<li>CD, DVD, ta\u015bma VHS, oprogramowanie, gra wideo, kaseta magnetofonowa lub p\u0142yta winylowa, kt\u00f3ra zosta\u0142a otwarta.<\/li>\n<li>Ka\u017cdy przedmiot nie jest w oryginalnym stanie, jest uszkodzony lub brakuje mu cz\u0119\u015bci z przyczyn nie wynikaj\u0105cych z naszego b\u0142\u0119du.<\/li>\n<li>Ka\u017cdy produkt, kt\u00f3ry zosta\u0142 zwr\u00f3cony po ponad 30 dniach od daty dostawy<\/li>\n<\/ul>\n<h2>Refunds<\/h2>\n\n<p>Po otrzymaniu zwrotu i sprawdzeniu go, wy\u015blemy Ci wiadomo\u015b\u0107 e-mail z informacj\u0105, \u017ce otrzymali\u015bmy zwr\u00f3cony przedmiot. Powiadomimy Ci\u0119 r\u00f3wnie\u017c o zatwierdzeniu lub odrzuceniu Twojego zwrotu.<\/p>\n\n<p>Je\u015bli zostaniesz zaakceptowany, Tw\u00f3j zwrot zostanie przetworzony, a kredyt zostanie automatycznie zastosowany do Twojej karty kredytowej lub oryginalnej metody p\u0142atno\u015bci, w ci\u0105gu okre\u015blonej liczby dni.<\/p>\n\n<b>Late or missing refunds<\/b>\n\n<p>Je\u015bli jeszcze nie otrzyma\u0142e\u015b zwrotu pieni\u0119dzy, najpierw sprawd\u017a ponownie swoje konto bankowe.<\/p>\n\n<p>Nast\u0119pnie skontaktuj si\u0119 z firm\u0105 obs\u0142uguj\u0105c\u0105 Twoj\u0105 kart\u0119 kredytow\u0105, mo\u017ce min\u0105\u0107 troch\u0119 czasu zanim Tw\u00f3j zwrot zostanie oficjalnie zaksi\u0119gowany.<\/p>\n\n<p>Nast\u0119pnie skontaktuj si\u0119 ze swoim bankiem. Cz\u0119sto jest troch\u0119 czasu na przetworzenie, zanim zwrot zostanie zaksi\u0119gowany.<\/p>\n\n<p>Je\u015bli zrobi\u0142e\u015b to wszystko i nadal nie otrzyma\u0142e\u015b zwrotu pieni\u0119dzy, skontaktuj si\u0119 z nami pod adresem {email address}.<\/p>\n\n<b>Sale items<\/b>\n\n<p>Zwrotowi podlegaj\u0105 tylko przedmioty w cenie regularnej. Artyku\u0142y z wyprzeda\u017cy nie podlegaj\u0105 zwrotowi.<\/p>\n\n<h2>Exchanges<\/h2>\n\n<p>Wymieniamy przedmioty tylko wtedy, gdy s\u0105 one wadliwe lub uszkodzone. Je\u015bli potrzebujesz wymieni\u0107 go na taki sam przedmiot, wy\u015blij do nas maila na adres {email address} i ode\u015blij przedmiot na: {adres fizyczny}.<\/p>\n\n<h2>Gifts<\/h2>\n\n<p>Je\u015bli przedmiot zosta\u0142 oznaczony jako prezent w momencie zakupu i wys\u0142any bezpo\u015brednio do Ciebie, otrzymasz kredyt na prezent o warto\u015bci zwrotu. Po otrzymaniu zwr\u00f3conego przedmiotu, bon upominkowy zostanie wys\u0142any poczt\u0105.<\/p>\n\n<p>Je\u015bli przedmiot nie by\u0142 oznaczony jako prezent w momencie zakupu lub osoba obdarowuj\u0105ca wys\u0142a\u0142a zam\u00f3wienie do siebie, aby p\u00f3\u017aniej przekaza\u0107 je Tobie, wy\u015blemy zwrot pieni\u0119dzy do osoby obdarowuj\u0105cej i to ona dowie si\u0119 o Twoim zwrocie.<\/p>\n\n<h2>Shipping returns<\/h2>\n\n<p>Aby zwr\u00f3ci\u0107 produkt, nale\u017cy wys\u0142a\u0107 go poczt\u0105 na: {adres fizyczny}.<\/p>\n\n<p>B\u0119dziesz odpowiedzialny za op\u0142acenie w\u0142asnych koszt\u00f3w wysy\u0142ki za zwrot przedmiotu. Koszty wysy\u0142ki s\u0105 bezzwrotne. Je\u015bli otrzymasz zwrot pieni\u0119dzy, koszt przesy\u0142ki zwrotnej zostanie odliczony od zwrotu.<\/p>\n\n<p>W zale\u017cno\u015bci od miejsca zamieszkania, czas dotarcia wymienionego produktu do Ciebie mo\u017ce by\u0107 r\u00f3\u017cny.<\/p>\n\n<p>Je\u015bli zwracasz dro\u017csze przedmioty, mo\u017cesz rozwa\u017cy\u0107 skorzystanie z us\u0142ugi \u015bledzenia przesy\u0142ki lub zakup ubezpieczenia przesy\u0142ki. Nie gwarantujemy, \u017ce otrzymamy zwracany przedmiot.<\/p>\n\n<h2>Need help?<\/h2>\n\n<p>Skontaktuj si\u0119 z nami pod adresem {email} w przypadku pyta\u0144 zwi\u0105zanych z refundacjami i zwrotami.<\/p>\n","protected":false},"excerpt":{"rendered":"<p>To jest przyk\u0142adowa strona. Overview Nasza polityka refundacji i zwrot\u00f3w trwa 30 dni. Je\u015bli od zakupu min\u0119\u0142o 30 dni, nie mo\u017cemy zaoferowa\u0107 Ci pe\u0142nego zwrotu lub wymiany. Aby kwalifikowa\u0107 si\u0119 do zwrotu, przedmiot musi by\u0107 nieu\u017cywany i w takim samym stanie, w jakim go otrzyma\u0142e\u015b. Musi by\u0107 r\u00f3wnie\u017c w oryginalnym opakowaniu. Kilka rodzaj\u00f3w towar\u00f3w jest [&hellip;]<\/p>\n","protected":false},"author":1,"featured_media":0,"parent":0,"menu_order":0,"comment_status":"closed","ping_status":"closed","template":"","meta":{"_acf_changed":false,"footnotes":""},"class_list":["post-29620","page","type-page","status-publish","hentry"],"acf":[],"_links":{"self":[{"href":"https:\/\/www.kaweco.com\/pl\/wp-json\/wp\/v2\/pages\/29620","targetHints":{"allow":["GET"]}}],"collection":[{"href":"https:\/\/www.kaweco.com\/pl\/wp-json\/wp\/v2\/pages"}],"about":[{"href":"https:\/\/www.kaweco.com\/pl\/wp-json\/wp\/v2\/types\/page"}],"author":[{"embeddable":true,"href":"https:\/\/www.kaweco.com\/pl\/wp-json\/wp\/v2\/users\/1"}],"replies":[{"embeddable":true,"href":"https:\/\/www.kaweco.com\/pl\/wp-json\/wp\/v2\/comments?post=29620"}],"version-history":[{"count":1,"href":"https:\/\/www.kaweco.com\/pl\/wp-json\/wp\/v2\/pages\/29620\/revisions"}],"predecessor-version":[{"id":29621,"href":"https:\/\/www.kaweco.com\/pl\/wp-json\/wp\/v2\/pages\/29620\/revisions\/29621"}],"wp:attachment":[{"href":"https:\/\/www.kaweco.com\/pl\/wp-json\/wp\/v2\/media?parent=29620"}],"curies":[{"name":"wp","href":"https:\/\/api.w.org\/{rel}","templated":true}]}}